{"id":1057,"date":"2024-04-14T14:32:45","date_gmt":"2024-04-14T12:32:45","guid":{"rendered":"https:\/\/utenosvic.lt\/for-investors\/"},"modified":"2024-04-14T14:32:48","modified_gmt":"2024-04-14T12:32:48","slug":"for-investors","status":"publish","type":"page","link":"https:\/\/utenosvic.lt\/en\/for-investors\/","title":{"rendered":"For investors"},"content":{"rendered":"\n<h3 class=\"wp-block-heading\">Relevant information for investors:<\/h3>\n\n<ul class=\"wp-block-list\"><li><a href=\"https:\/\/www.e-tar.lt\/portal\/lt\/legalAct\/6308fc404aea11ee9de9e7e0fd363afc\" target=\"_blank\" rel=\"noopener\">Utena District Municipality Rules on Investments in Production and Other Facilities  <\/a><\/li><li><a href=\"https:\/\/www.e-tar.lt\/portal\/lt\/legalAct\/a918df70920911e7a3c4a5eb10f04386\/asr\" target=\"_blank\" rel=\"noopener\">Utena District Municipality Small and Medium Enterprises Support Programme<\/a><\/li><\/ul>\n\n<h3 class=\"wp-block-heading\">Investment sites in Utena:<\/h3>\n\n<p>Address:  <strong>Auk\u0161tai\u010di\u0173 str. 16, Utena<\/strong>.<a href=\"https:\/\/drive.google.com\/file\/d\/1F8gpbZJ9xjU8wUiwYDURciNGjlwTueMe\/view?usp=share_link\" target=\"_blank\" rel=\"noopener\"> LT<\/a> Area 28170 m\u00b2. Purpose of the territory: other purpose, residential, commercial use territory.  <a rel=\"noreferrer noopener\" href=\"http:\/\/regia.lt\/map\/redirect.jsf?grakodas=100246264&amp;amn_id=\" target=\"_blank\">Link<\/a><\/p>\n\n<p>Address:  <strong>Pu\u0161yn\u0117lio g. 5B, Utena<\/strong>. <a href=\"https:\/\/drive.google.com\/file\/d\/1oo596HLa0tt4GwqMT2VZr8mNjPY1wfOP\/view?usp=share_link\" target=\"_blank\" rel=\"noopener\">LT<\/a> Area 5400 m\u00b2. Purpose of the territory: other purpose, residential, commercial use territory.  <a rel=\"noreferrer noopener\" href=\"http:\/\/regia.lt\/map\/redirect.jsf?grakodas=100246261&amp;amn_id=\" target=\"_blank\">Link<\/a><\/p>\n\n<p>Address:  <strong>Pu\u0161yn\u0117lio g. 7C, Utena<\/strong>. <a href=\"https:\/\/drive.google.com\/file\/d\/1y85AW8ZmJ9bjxzeAKsAOoIpejquWOUJ5\/view?usp=share_link\" target=\"_blank\" rel=\"noopener\">LT<\/a> Area 4492 m\u00b2. Purpose of the territory: other purpose, residential, commercial use territory.  <a rel=\"noreferrer noopener\" href=\"http:\/\/regia.lt\/map\/redirect.jsf?grakodas=100246262&amp;amn_id=\" target=\"_blank\">Link<\/a><\/p>\n\n<p>Address:  <strong>Pu\u0161yn\u0117lio g. 9A, Utena<\/strong>. <a href=\"https:\/\/drive.google.com\/file\/d\/1aE0v36YWA7UybjLiOHxeSmYBNT_qTzN4\/view?usp=share_link\" target=\"_blank\" rel=\"noopener\">LT<\/a> Area 7855 m\u00b2. Purpose of the territory: other purpose, residential, commercial use territory.  <a rel=\"noreferrer noopener\" href=\"http:\/\/regia.lt\/map\/redirect.jsf?grakodas=100246263&amp;amn_id=\" target=\"_blank\">Link<\/a><\/p>\n\n<p>Address: <strong>U\u017epali\u0173 g., Utena<\/strong>. Area 95000 m\u00b2. Purpose of the territory: other purpose, residential, commercial, public purpose territory. Water, heat, electricity and sewage services are nearby.  <a href=\"http:\/\/regia.lt\/map\/redirect.jsf?grakodas=100098838&amp;amn_id=\" target=\"_blank\" rel=\"noreferrer noopener\">Link<\/a><\/p>\n\n<p>Address:  <strong>U\u017epali\u0173 g. 94, Utena<\/strong>. Area 102149 m\u00b2. Purpose of the territory: other land use, territories of one- and two-family residential buildings and separate green areas.  <a href=\"https:\/\/regia.lt\/map\/regia2?x=601109&amp;y=6154449&amp;scale=2000&amp;identify=true\" target=\"_blank\" rel=\"noopener\">Link<\/a><\/p>\n\n<p>Address:  <strong>Kupi\u0161kio g. 4A, Utena<\/strong>. Area 5735 m\u00b2. Purpose of the territory: other purpose land, territories of commercial objects. The site has sewage networks.  <a href=\"https:\/\/regia.lt\/map\/regia2?x=599756&amp;y=6150503&amp;scale=1000&amp;identify=true\" target=\"_blank\" rel=\"noopener\">Link<\/a><\/p>\n\n<p>Address:  <strong>Pramon\u0117s str. 20, Utena.  <\/strong><a href=\"https:\/\/drive.google.com\/file\/d\/1_HRN-5IjDRrmuumBjLRE6Sl4BUTkAu_w\/view?usp=sharing\" target=\"_blank\" rel=\"noopener\">LT <\/a>Area 53846 m\u00b2. Purpose of the site: other use.  <a href=\"https:\/\/regia.lt\/map\/regia2\" target=\"_blank\" rel=\"noopener\">Link<\/a><\/p>\n\n<p>Address:  <strong>Ribnik\u0173 str. 4, Utena<\/strong>. <a href=\"https:\/\/drive.google.com\/file\/d\/1dHw140VDmFC7cW43ylpQeBsoGQ_eoD4x\/view?usp=sharing\" target=\"_blank\" rel=\"noopener\">LT <\/a>Area 104738 m\u00b2. Purpose of the territory: other purpose land, territory of commercial objects.  <a href=\"https:\/\/regia.lt\/map\/regia2\" target=\"_blank\" rel=\"noopener\">Link<\/a><\/p>\n\n<p>Address:  <strong>Pramon\u0117s g. 24, Utena.<\/strong><a href=\"https:\/\/drive.google.com\/file\/d\/1dHw140VDmFC7cW43ylpQeBsoGQ_eoD4x\/view?usp=sharing\" target=\"_blank\" rel=\"noopener\"> <\/a><a href=\"https:\/\/drive.google.com\/file\/d\/1IgiBBkAfimlgQiwN6hvdCS1egI-a_9LX\/view?usp=sharing\" target=\"_blank\" rel=\"noopener\">EN<\/a><a href=\"https:\/\/drive.google.com\/file\/d\/1dHw140VDmFC7cW43ylpQeBsoGQ_eoD4x\/view?usp=sharing\" target=\"_blank\" rel=\"noopener\"> <\/a>Area 18040 m\u00b2. Land use: other, waste storage, sorting and recovery areas.  <a href=\"https:\/\/regia.lt\/map\/regia2\" target=\"_blank\" rel=\"noopener\">Link<\/a><\/p>\n\n<p><\/p>\n\n<p><\/p>\n","protected":false},"excerpt":{"rendered":"<p>Relevant information for investors: Utena District Municipality Rules on Investments in Production and Other Facilities Utena District Municipality Small and Medium Enterprises Support Programme Investment sites in Utena: Address: Auk\u0161tai\u010di\u0173 str. 16, Utena. LT Area 28170 m\u00b2. Purpose of the territory: other purpose, residential, commercial use territory. Link Address: Pu\u0161yn\u0117lio g. 5B, Utena. LT Area [&hellip;]<\/p>\n","protected":false},"author":1,"featured_media":0,"parent":0,"menu_order":0,"comment_status":"closed","ping_status":"closed","template":"","meta":{"_acf_changed":false,"footnotes":""},"class_list":["post-1057","page","type-page","status-publish","hentry"],"acf":[],"_links":{"self":[{"href":"https:\/\/utenosvic.lt\/en\/wp-json\/wp\/v2\/pages\/1057","targetHints":{"allow":["GET"]}}],"collection":[{"href":"https:\/\/utenosvic.lt\/en\/wp-json\/wp\/v2\/pages"}],"about":[{"href":"https:\/\/utenosvic.lt\/en\/wp-json\/wp\/v2\/types\/page"}],"author":[{"embeddable":true,"href":"https:\/\/utenosvic.lt\/en\/wp-json\/wp\/v2\/users\/1"}],"replies":[{"embeddable":true,"href":"https:\/\/utenosvic.lt\/en\/wp-json\/wp\/v2\/comments?post=1057"}],"version-history":[{"count":0,"href":"https:\/\/utenosvic.lt\/en\/wp-json\/wp\/v2\/pages\/1057\/revisions"}],"wp:attachment":[{"href":"https:\/\/utenosvic.lt\/en\/wp-json\/wp\/v2\/media?parent=1057"}],"curies":[{"name":"wp","href":"https:\/\/api.w.org\/{rel}","templated":true}]}}