{"id":170,"date":"2021-12-29T23:23:52","date_gmt":"2021-12-29T23:23:52","guid":{"rendered":"https:\/\/utenosvic.lt\/viesieji-pirkimai\/"},"modified":"2022-10-18T14:15:16","modified_gmt":"2022-10-18T12:15:16","slug":"viesieji-pirkimai","status":"publish","type":"page","link":"https:\/\/utenosvic.lt\/en\/viesieji-pirkimai\/","title":{"rendered":"Vie\u0161ieji pirkimai"},"content":{"rendered":"\n<p><\/p>\n\n\n\n<div class=\"wp-block-file\"><a id=\"wp-block-file--media-acd28161-c34c-4acd-bd7a-327437600810\" href=\"https:\/\/utenosvic.lt\/wp-content\/uploads\/2022\/10\/Pirkimu-registracijos-zurnalas_2022-m.-1.doc\">Pirkimu-registracijos-zurnalas_2022-m.-1<\/a><a href=\"https:\/\/utenosvic.lt\/wp-content\/uploads\/2022\/10\/Pirkimu-registracijos-zurnalas_2022-m.-1.doc\" class=\"wp-block-file__button\" download aria-describedby=\"wp-block-file--media-acd28161-c34c-4acd-bd7a-327437600810\">Download<\/a><\/div>\n\n\n\n<p><\/p>\n\n\n\n<p>Ra\u0161tu sudarytos vie\u0161\u0173j\u0173 pirkim\u0173 sutartys:&nbsp;<a href=\"http:\/\/www.cvpp.lt\/index.php?option=com_vptpublic&amp;task=sutartys&amp;Itemid=109\" target=\"_blank\" rel=\"noopener\">http:\/\/www.cvpp.lt\/index.php?option=com_vptpublic&amp;task=sutartys&amp;Itemid=109<\/a><\/p>\n","protected":false},"excerpt":{"rendered":"<p>Ra\u0161tu sudarytos vie\u0161\u0173j\u0173 pirkim\u0173 sutartys:&nbsp;http:\/\/www.cvpp.lt\/index.php?option=com_vptpublic&amp;task=sutartys&amp;Itemid=109<\/p>\n","protected":false},"author":1,"featured_media":0,"parent":0,"menu_order":0,"comment_status":"closed","ping_status":"closed","template":"","meta":{"_acf_changed":false,"footnotes":""},"class_list":["post-170","page","type-page","status-publish","hentry"],"acf":[],"_links":{"self":[{"href":"https:\/\/utenosvic.lt\/en\/wp-json\/wp\/v2\/pages\/170","targetHints":{"allow":["GET"]}}],"collection":[{"href":"https:\/\/utenosvic.lt\/en\/wp-json\/wp\/v2\/pages"}],"about":[{"href":"https:\/\/utenosvic.lt\/en\/wp-json\/wp\/v2\/types\/page"}],"author":[{"embeddable":true,"href":"https:\/\/utenosvic.lt\/en\/wp-json\/wp\/v2\/users\/1"}],"replies":[{"embeddable":true,"href":"https:\/\/utenosvic.lt\/en\/wp-json\/wp\/v2\/comments?post=170"}],"version-history":[{"count":0,"href":"https:\/\/utenosvic.lt\/en\/wp-json\/wp\/v2\/pages\/170\/revisions"}],"wp:attachment":[{"href":"https:\/\/utenosvic.lt\/en\/wp-json\/wp\/v2\/media?parent=170"}],"curies":[{"name":"wp","href":"https:\/\/api.w.org\/{rel}","templated":true}]}}