{"id":171,"date":"2021-12-29T23:23:36","date_gmt":"2021-12-29T23:23:36","guid":{"rendered":"https:\/\/utenosvic.lt\/uzmokestis\/"},"modified":"2026-01-13T09:51:31","modified_gmt":"2026-01-13T07:51:31","slug":"uzmokestis","status":"publish","type":"page","link":"https:\/\/utenosvic.lt\/en\/uzmokestis\/","title":{"rendered":"Wages"},"content":{"rendered":"\n<h3 class=\"wp-block-heading\" id=\"vsi-utenos-verslo-informacijos-centras-darbuotoju-dirbanciu-pagal-darbo-sutartis-vidutinis-menesinis-darbo-uzmokestis-bruto\">Average monthly gross salary of employees working on employment contracts at V\u0161\u012e Utenos verslo ir turizmo agent\u016bra<\/h3>\n\n<div class=\"wp-block-columns is-layout-flex wp-container-core-columns-is-layout-9d6595d7 wp-block-columns-is-layout-flex\">\n<div class=\"wp-block-column is-layout-flow wp-block-column-is-layout-flow\" style=\"flex-basis:100%\">\n<figure class=\"wp-block-table\"><table><tbody><tr><td>\u00a0<\/td><td>2024 m. 1st quarter<\/td><td>2024 m. Quarter II<\/td><td>2024 m. Quarter III<\/td><td>2024 m. Fourth quarter<\/td><td>2025 m. 1st quarter<\/td><td>2025 m. Quarter II<\/td><\/tr><tr><td><strong>Director<\/strong><\/td><td>*<\/td><td>*<\/td><td>*<\/td><td>*<\/td><td>*<\/td><td>*<\/td><\/tr><tr><td><strong>Specialists<\/strong><\/td><td>EUR 1794<\/td><td>1897 Eur<\/td><td>1922 Eur<\/td><td>2255 Eur<\/td><td>1863 Eur<\/td><td>1903 Eur<\/td><\/tr><\/tbody><\/table><\/figure>\n<\/div>\n<\/div>\n\n<h6 class=\"wp-block-heading\" id=\"vadovaujantis-lietuvos-respublikos-vyriausybes-2003-m-balandzio-18-d-nutarimu-nr-480-patvirtinto-bendruju-reikalavimu-valstybes-ir-savivaldybiu-instituciju-ir-istaigu-interneto-svetainems-apraso-iii-skyriaus-22-3-punktu-darbuotojo-kuris-vienintelis-istaigoje-eina-atitinkamas-pareigas-einamuju-metu-praejusio-ketvircio-vidutinis-menesinis-nustatytasis-paskirtasis-darbo-uzmokestis-pateikiami-tik-gavus-jo-sutikima\"><strong>*In accordance with the Government of the Republic of Lithuania 2003 18 April Point 22.3 of Chapter III, Section 22.3 of the &#8216;General requirements for the websites of State and municipal institutions and bodies&#8217;, approved by Resolution No 480, provides that the average monthly salary for the previous quarter of the current year of an employee who is the only person occupying the post in question shall be made available to the public with his\/her consent.<\/strong><\/h6>\n\n<div data-wp-interactive=\"core\/file\" class=\"wp-block-file\"><object data-wp-bind--hidden=\"!state.hasPdfPreview\" hidden class=\"wp-block-file__embed\" data=\"https:\/\/utenosvic.lt\/wp-content\/uploads\/2024\/03\/Utenos-verslo-informacijos-centro-darbo-apmokejimo-sistemos-nustatymo-aprasas.pdf\" type=\"application\/pdf\" style=\"width:100%;height:600px\" aria-label=\"Embed of Utenos-verslo-informacijos-centro-darbo-apmokejimo-sistemos-nustatymo-aprasas.\"><\/object><a id=\"wp-block-file--media-4ea6ee96-d616-4b33-95a4-6fb9116c1d75\" href=\"https:\/\/utenosvic.lt\/wp-content\/uploads\/2024\/03\/Utenos-verslo-informacijos-centro-darbo-apmokejimo-sistemos-nustatymo-aprasas.pdf\">Utena-business-information-centre-job-payment-system-setting-approach<\/a><a href=\"https:\/\/utenosvic.lt\/wp-content\/uploads\/2024\/03\/Utenos-verslo-informacijos-centro-darbo-apmokejimo-sistemos-nustatymo-aprasas.pdf\" class=\"wp-block-file__button wp-element-button\" download=\"\" aria-describedby=\"wp-block-file--media-4ea6ee96-d616-4b33-95a4-6fb9116c1d75\">Download<\/a><\/div>\n\n<p><\/p>\n","protected":false},"excerpt":{"rendered":"<p>Average monthly gross salary of employees working on employment contracts at V\u0161\u012e Utenos verslo ir turizmo agent\u016bra \u00a0 2024 m. 1st quarter 2024 m. Quarter II 2024 m. Quarter III 2024 m. Fourth quarter 2025 m. 1st quarter 2025 m. Quarter II Director * * * * * * Specialists EUR 1794 1897 Eur 1922 [&hellip;]<\/p>\n","protected":false},"author":1,"featured_media":0,"parent":0,"menu_order":0,"comment_status":"closed","ping_status":"closed","template":"","meta":{"_acf_changed":false,"footnotes":""},"class_list":["post-171","page","type-page","status-publish","hentry"],"acf":[],"_links":{"self":[{"href":"https:\/\/utenosvic.lt\/en\/wp-json\/wp\/v2\/pages\/171","targetHints":{"allow":["GET"]}}],"collection":[{"href":"https:\/\/utenosvic.lt\/en\/wp-json\/wp\/v2\/pages"}],"about":[{"href":"https:\/\/utenosvic.lt\/en\/wp-json\/wp\/v2\/types\/page"}],"author":[{"embeddable":true,"href":"https:\/\/utenosvic.lt\/en\/wp-json\/wp\/v2\/users\/1"}],"replies":[{"embeddable":true,"href":"https:\/\/utenosvic.lt\/en\/wp-json\/wp\/v2\/comments?post=171"}],"version-history":[{"count":7,"href":"https:\/\/utenosvic.lt\/en\/wp-json\/wp\/v2\/pages\/171\/revisions"}],"predecessor-version":[{"id":2263,"href":"https:\/\/utenosvic.lt\/en\/wp-json\/wp\/v2\/pages\/171\/revisions\/2263"}],"wp:attachment":[{"href":"https:\/\/utenosvic.lt\/en\/wp-json\/wp\/v2\/media?parent=171"}],"curies":[{"name":"wp","href":"https:\/\/api.w.org\/{rel}","templated":true}]}}