{"id":184,"date":"2021-12-26T17:50:30","date_gmt":"2021-12-26T17:50:30","guid":{"rendered":"https:\/\/utenosvic.lt\/kontaktai\/"},"modified":"2025-08-13T10:27:41","modified_gmt":"2025-08-13T08:27:41","slug":"kontaktai","status":"publish","type":"page","link":"https:\/\/utenosvic.lt\/en\/kontaktai\/","title":{"rendered":"Contact"},"content":{"rendered":"\n<p><strong>Contact us!<\/strong><\/p>\n\n<p><strong>Legal entity code:<\/strong> 300056112<\/p>\n\n<p><strong>VAT code:<\/strong> LT100006885413<\/p>\n\n<p><strong>A.s.: <\/strong> LT16 7300 0101 2949 9230<\/p>\n\n<p><strong>Bank:<\/strong> AB Swedbank<\/p>\n\n<p><strong>Address.<\/strong>  47, 28193 Utena<\/p>\n\n<p><strong>Tel.  <\/strong>+370 696 20026<\/p>\n\n<p><strong>El.p.:<\/strong> <a href=\"mailto:info@utenosvic.lt\">info@utenosvic.lt<\/a><\/p>\n\n<p><strong>Vilma Baturo<\/strong><br\/>Director<\/p>\n\n<p>direktorius@utenosvic.lt <a href=\"mailto:irina@utenosvic.lt\"><br\/> Tel.<\/a> mob. +370 624 86195<\/p>\n\n<div class=\"wp-block-columns is-layout-flex wp-container-core-columns-is-layout-9d6595d7 wp-block-columns-is-layout-flex\">\n<div class=\"wp-block-column is-layout-flow wp-block-column-is-layout-flow\" style=\"flex-basis:100%\">\n<div class=\"wp-block-columns is-layout-flex wp-container-core-columns-is-layout-9d6595d7 wp-block-columns-is-layout-flex\">\n<div class=\"wp-block-column is-layout-flow wp-block-column-is-layout-flow\" style=\"flex-basis:100%\">\n<figure class=\"wp-block-table\"><table class=\"has-black-color has-text-color has-link-color\"><tbody><tr><td><strong>Kristina Kiliene<\/strong><br\/><sup>Accountant &#8211; Consultant<\/sup><br\/><a href=\"mailto:liudmila@utenosvic.lt\">buhalterija@utenosvic.lt<\/a><\/td><td><strong>J\u016brat\u0117 \u010ciap\u0117<\/strong><br\/><sup>Project Administrator<\/sup><br\/><a href=\"mailto:paulius@utenosvic.lt\">projektai@utenosvic.lt<\/a><\/td><td><strong>Lauryna Railiene<br\/><\/strong><sup>KIC Administrator<\/sup><strong><br\/><\/strong><a href=\"mailto:menai@utenosvic.lt\">menas@utenosvic.lt<\/a><\/td><\/tr><tr><td><strong>Silvija Radu\u0161evi\u010dien\u0117<\/strong><br\/><sup>Project Administrator<\/sup><br\/>info1@utenosvic.lt<\/td><td><strong>Lina \u017dil\u0117nien\u0117<\/strong><br\/><sup>Cleaner<\/sup><strong><br\/><\/strong><a href=\"mailto:menai@utenosvic.lt\">menas@utenosvic.lt<\/a><\/td><td><strong>Air\u0117 Andrijausk\u0117<\/strong><br\/><sup>BC Swarm Coordinator<\/sup><br\/><a href=\"mailto:utena@spieciai.lt\">utena@spieciai.lt<\/a><\/td><\/tr><\/tbody><\/table><\/figure>\n<\/div>\n<\/div>\n<\/div>\n<\/div>\n\n<p><\/p>\n","protected":false},"excerpt":{"rendered":"<p>Contact us! Legal entity code: 300056112 VAT code: LT100006885413 A.s.: LT16 7300 0101 2949 9230 Bank: AB Swedbank Address. 47, 28193 Utena Tel. +370 696 20026 El.p.: info@utenosvic.lt Vilma BaturoDirector direktorius@utenosvic.lt Tel. mob. +370 624 86195 Kristina KilieneAccountant &#8211; Consultantbuhalterija@utenosvic.lt J\u016brat\u0117 \u010ciap\u0117Project Administratorprojektai@utenosvic.lt Lauryna RailieneKIC Administratormenas@utenosvic.lt Silvija Radu\u0161evi\u010dien\u0117Project Administratorinfo1@utenosvic.lt Lina \u017dil\u0117nien\u0117Cleanermenas@utenosvic.lt Air\u0117 Andrijausk\u0117BC Swarm Coordinatorutena@spieciai.lt<\/p>\n","protected":false},"author":1,"featured_media":0,"parent":0,"menu_order":0,"comment_status":"closed","ping_status":"closed","template":"","meta":{"_acf_changed":false,"footnotes":""},"class_list":["post-184","page","type-page","status-publish","hentry"],"acf":[],"_links":{"self":[{"href":"https:\/\/utenosvic.lt\/en\/wp-json\/wp\/v2\/pages\/184","targetHints":{"allow":["GET"]}}],"collection":[{"href":"https:\/\/utenosvic.lt\/en\/wp-json\/wp\/v2\/pages"}],"about":[{"href":"https:\/\/utenosvic.lt\/en\/wp-json\/wp\/v2\/types\/page"}],"author":[{"embeddable":true,"href":"https:\/\/utenosvic.lt\/en\/wp-json\/wp\/v2\/users\/1"}],"replies":[{"embeddable":true,"href":"https:\/\/utenosvic.lt\/en\/wp-json\/wp\/v2\/comments?post=184"}],"version-history":[{"count":7,"href":"https:\/\/utenosvic.lt\/en\/wp-json\/wp\/v2\/pages\/184\/revisions"}],"predecessor-version":[{"id":2087,"href":"https:\/\/utenosvic.lt\/en\/wp-json\/wp\/v2\/pages\/184\/revisions\/2087"}],"wp:attachment":[{"href":"https:\/\/utenosvic.lt\/en\/wp-json\/wp\/v2\/media?parent=184"}],"curies":[{"name":"wp","href":"https:\/\/api.w.org\/{rel}","templated":true}]}}